{"id":142,"date":"2014-12-16T19:19:08","date_gmt":"2014-12-16T19:19:08","guid":{"rendered":"http:\/\/www.metaline.ee\/?page_id=142"},"modified":"2014-12-16T19:22:07","modified_gmt":"2014-12-16T19:22:07","slug":"kiri-saadetud","status":"publish","type":"page","link":"https:\/\/metaline.ee\/en\/kiri-saadetud\/","title":{"rendered":"Kiri saadetud"},"content":{"rendered":"<div  class='flex_column av-av_one_full-2a9015ff38129c418a3f2eafba3e9512 av_one_full  avia-builder-el-0  avia-builder-el-no-sibling  first flex_column_div  '     ><section  class='av_textblock_section av-av_textblock-0366cc7376be6c9e82a3e9cc8987b64f '   itemscope=\"itemscope\" itemtype=\"https:\/\/schema.org\/CreativeWork\" ><div class='avia_textblock'  itemprop=\"text\" ><h1>Teie kiri on saadetud!<\/h1>\n<h2>T\u00e4name, et otsustasite meiega \u00fchendust v\u00f5tta!<\/h2>\n<h2>Vastame teile 24h jooksul.<\/h2>\n<\/div><\/section><\/div>\n","protected":false},"excerpt":{"rendered":"","protected":false},"author":2,"featured_media":0,"parent":0,"menu_order":0,"comment_status":"open","ping_status":"open","template":"","meta":{"footnotes":""},"class_list":["post-142","page","type-page","status-publish","hentry"],"yoast_head":"<!-- This site is optimized with the Yoast SEO plugin v27.3 - https:\/\/yoast.com\/product\/yoast-seo-wordpress\/ -->\n<title>Kiri saadetud | Ventilatsioonitooted - Metaline Ventilatsioon<\/title>\n<meta name=\"robots\" content=\"index, follow, max-snippet:-1, max-image-preview:large, max-video-preview:-1\" \/>\n<link rel=\"canonical\" href=\"https:\/\/metaline.ee\/en\/kiri-saadetud\/\" \/>\n<meta property=\"og:locale\" content=\"en_US\" \/>\n<meta property=\"og:type\" content=\"article\" \/>\n<meta property=\"og:title\" content=\"Kiri saadetud | Ventilatsioonitooted - Metaline Ventilatsioon\" \/>\n<meta property=\"og:url\" content=\"https:\/\/metaline.ee\/en\/kiri-saadetud\/\" \/>\n<meta property=\"og:site_name\" content=\"Ventilatsioonitooted - Metaline Ventilatsioon\" \/>\n<meta property=\"article:modified_time\" content=\"2014-12-16T19:22:07+00:00\" \/>\n<script type=\"application\/ld+json\" class=\"yoast-schema-graph\">{\"@context\":\"https:\\\/\\\/schema.org\",\"@graph\":[{\"@type\":\"WebPage\",\"@id\":\"https:\\\/\\\/metaline.ee\\\/en\\\/kiri-saadetud\\\/\",\"url\":\"https:\\\/\\\/metaline.ee\\\/en\\\/kiri-saadetud\\\/\",\"name\":\"Kiri saadetud | Ventilatsioonitooted - Metaline Ventilatsioon\",\"isPartOf\":{\"@id\":\"https:\\\/\\\/metaline.ee\\\/#website\"},\"datePublished\":\"2014-12-16T19:19:08+00:00\",\"dateModified\":\"2014-12-16T19:22:07+00:00\",\"breadcrumb\":{\"@id\":\"https:\\\/\\\/metaline.ee\\\/en\\\/kiri-saadetud\\\/#breadcrumb\"},\"inLanguage\":\"en-US\",\"potentialAction\":[{\"@type\":\"ReadAction\",\"target\":[\"https:\\\/\\\/metaline.ee\\\/en\\\/kiri-saadetud\\\/\"]}]},{\"@type\":\"BreadcrumbList\",\"@id\":\"https:\\\/\\\/metaline.ee\\\/en\\\/kiri-saadetud\\\/#breadcrumb\",\"itemListElement\":[{\"@type\":\"ListItem\",\"position\":1,\"name\":\"Home\",\"item\":\"https:\\\/\\\/metaline.ee\\\/en\\\/avaleht\\\/\"},{\"@type\":\"ListItem\",\"position\":2,\"name\":\"Kiri saadetud\"}]},{\"@type\":\"WebSite\",\"@id\":\"https:\\\/\\\/metaline.ee\\\/#website\",\"url\":\"https:\\\/\\\/metaline.ee\\\/\",\"name\":\"Ventilatsioonitooted - Metaline Ventilatsioon\",\"description\":\"\",\"publisher\":{\"@id\":\"https:\\\/\\\/metaline.ee\\\/#organization\"},\"potentialAction\":[{\"@type\":\"SearchAction\",\"target\":{\"@type\":\"EntryPoint\",\"urlTemplate\":\"https:\\\/\\\/metaline.ee\\\/?s={search_term_string}\"},\"query-input\":{\"@type\":\"PropertyValueSpecification\",\"valueRequired\":true,\"valueName\":\"search_term_string\"}}],\"inLanguage\":\"en-US\"},{\"@type\":\"Organization\",\"@id\":\"https:\\\/\\\/metaline.ee\\\/#organization\",\"name\":\"Ventilatsioonitooted - Metaline Ventilatsioon\",\"url\":\"https:\\\/\\\/metaline.ee\\\/\",\"logo\":{\"@type\":\"ImageObject\",\"inLanguage\":\"en-US\",\"@id\":\"https:\\\/\\\/metaline.ee\\\/#\\\/schema\\\/logo\\\/image\\\/\",\"url\":\"https:\\\/\\\/i0.wp.com\\\/metaline.ee\\\/wp-content\\\/uploads\\\/2018\\\/08\\\/metaline_logo_notext_trans_menu.png?fit=340%2C135&ssl=1\",\"contentUrl\":\"https:\\\/\\\/i0.wp.com\\\/metaline.ee\\\/wp-content\\\/uploads\\\/2018\\\/08\\\/metaline_logo_notext_trans_menu.png?fit=340%2C135&ssl=1\",\"width\":340,\"height\":135,\"caption\":\"Ventilatsioonitooted - Metaline Ventilatsioon\"},\"image\":{\"@id\":\"https:\\\/\\\/metaline.ee\\\/#\\\/schema\\\/logo\\\/image\\\/\"}}]}<\/script>\n<!-- \/ Yoast SEO plugin. -->","yoast_head_json":{"title":"Kiri saadetud | Ventilatsioonitooted - Metaline Ventilatsioon","robots":{"index":"index","follow":"follow","max-snippet":"max-snippet:-1","max-image-preview":"max-image-preview:large","max-video-preview":"max-video-preview:-1"},"canonical":"https:\/\/metaline.ee\/en\/kiri-saadetud\/","og_locale":"en_US","og_type":"article","og_title":"Kiri saadetud | Ventilatsioonitooted - Metaline Ventilatsioon","og_url":"https:\/\/metaline.ee\/en\/kiri-saadetud\/","og_site_name":"Ventilatsioonitooted - Metaline Ventilatsioon","article_modified_time":"2014-12-16T19:22:07+00:00","schema":{"@context":"https:\/\/schema.org","@graph":[{"@type":"WebPage","@id":"https:\/\/metaline.ee\/en\/kiri-saadetud\/","url":"https:\/\/metaline.ee\/en\/kiri-saadetud\/","name":"Kiri saadetud | Ventilatsioonitooted - Metaline Ventilatsioon","isPartOf":{"@id":"https:\/\/metaline.ee\/#website"},"datePublished":"2014-12-16T19:19:08+00:00","dateModified":"2014-12-16T19:22:07+00:00","breadcrumb":{"@id":"https:\/\/metaline.ee\/en\/kiri-saadetud\/#breadcrumb"},"inLanguage":"en-US","potentialAction":[{"@type":"ReadAction","target":["https:\/\/metaline.ee\/en\/kiri-saadetud\/"]}]},{"@type":"BreadcrumbList","@id":"https:\/\/metaline.ee\/en\/kiri-saadetud\/#breadcrumb","itemListElement":[{"@type":"ListItem","position":1,"name":"Home","item":"https:\/\/metaline.ee\/en\/avaleht\/"},{"@type":"ListItem","position":2,"name":"Kiri saadetud"}]},{"@type":"WebSite","@id":"https:\/\/metaline.ee\/#website","url":"https:\/\/metaline.ee\/","name":"Ventilatsioonitooted - Metaline Ventilatsioon","description":"","publisher":{"@id":"https:\/\/metaline.ee\/#organization"},"potentialAction":[{"@type":"SearchAction","target":{"@type":"EntryPoint","urlTemplate":"https:\/\/metaline.ee\/?s={search_term_string}"},"query-input":{"@type":"PropertyValueSpecification","valueRequired":true,"valueName":"search_term_string"}}],"inLanguage":"en-US"},{"@type":"Organization","@id":"https:\/\/metaline.ee\/#organization","name":"Ventilatsioonitooted - Metaline Ventilatsioon","url":"https:\/\/metaline.ee\/","logo":{"@type":"ImageObject","inLanguage":"en-US","@id":"https:\/\/metaline.ee\/#\/schema\/logo\/image\/","url":"https:\/\/i0.wp.com\/metaline.ee\/wp-content\/uploads\/2018\/08\/metaline_logo_notext_trans_menu.png?fit=340%2C135&ssl=1","contentUrl":"https:\/\/i0.wp.com\/metaline.ee\/wp-content\/uploads\/2018\/08\/metaline_logo_notext_trans_menu.png?fit=340%2C135&ssl=1","width":340,"height":135,"caption":"Ventilatsioonitooted - Metaline Ventilatsioon"},"image":{"@id":"https:\/\/metaline.ee\/#\/schema\/logo\/image\/"}}]}},"_links":{"self":[{"href":"https:\/\/metaline.ee\/en\/wp-json\/wp\/v2\/pages\/142","targetHints":{"allow":["GET"]}}],"collection":[{"href":"https:\/\/metaline.ee\/en\/wp-json\/wp\/v2\/pages"}],"about":[{"href":"https:\/\/metaline.ee\/en\/wp-json\/wp\/v2\/types\/page"}],"author":[{"embeddable":true,"href":"https:\/\/metaline.ee\/en\/wp-json\/wp\/v2\/users\/2"}],"replies":[{"embeddable":true,"href":"https:\/\/metaline.ee\/en\/wp-json\/wp\/v2\/comments?post=142"}],"version-history":[{"count":1,"href":"https:\/\/metaline.ee\/en\/wp-json\/wp\/v2\/pages\/142\/revisions"}],"predecessor-version":[{"id":143,"href":"https:\/\/metaline.ee\/en\/wp-json\/wp\/v2\/pages\/142\/revisions\/143"}],"wp:attachment":[{"href":"https:\/\/metaline.ee\/en\/wp-json\/wp\/v2\/media?parent=142"}],"curies":[{"name":"wp","href":"https:\/\/api.w.org\/{rel}","templated":true}]}}