{"id":510,"date":"2015-05-04T09:42:52","date_gmt":"2015-05-04T09:42:52","guid":{"rendered":"http:\/\/www.metaline.ee\/?page_id=510"},"modified":"2023-02-14T20:14:02","modified_gmt":"2023-02-14T20:14:02","slug":"etusivu","status":"publish","type":"page","link":"https:\/\/metaline.ee\/fi\/","title":{"rendered":"Etusivu"},"content":{"rendered":"\n<p><\/p>\n\n\n<div id='layer_slider_1'  class='avia-layerslider main_color avia-shadow  avia-builder-el-0  el_before_av_one_third  avia-builder-el-first  container_wrap sidebar_right'  style='height: 438px;'  ><\/div><div id='after_layer_slider_1'  class='main_color av_default_container_wrap container_wrap sidebar_right'  ><div class='container av-section-cont-open' ><div class='template-page content  av-content-small alpha units'><div class='post-entry post-entry-type-page post-entry-510'><div class='entry-content-wrapper clearfix'>\n<div  class='flex_column av-av_one_third-2a9015ff38129c418a3f2eafba3e9512 av_one_third  avia-builder-el-1  el_after_av_layerslider  el_before_av_one_third  avia-builder-el-first  first flex_column_div  '     ><section  class='av_textblock_section av-av_textblock-0366cc7376be6c9e82a3e9cc8987b64f '   itemscope=\"itemscope\" itemtype=\"https:\/\/schema.org\/CreativeWork\" ><div class='avia_textblock'  itemprop=\"text\" ><h2>Tuotevalikoima<\/h2>\n<\/div><\/section><br \/>\n<section  class='av_textblock_section av-av_textblock-0366cc7376be6c9e82a3e9cc8987b64f '   itemscope=\"itemscope\" itemtype=\"https:\/\/schema.org\/CreativeWork\" ><div class='avia_textblock'  itemprop=\"text\" ><p><strong>Valmistamme ja myymme seuraavia tuotteita:<\/strong><\/p>\n<ul>\n<li>Suorakaidekanavaj\u00e4rjestelm\u00e4<\/li>\n<li>\u00c4\u00e4nenvaimentimet<\/li>\n<li>Kattol\u00e4piviennit<\/li>\n<\/ul>\n<p>Valmistamme my\u00f6s tuotteita asiakkaan vaatimuksien mukaan.<\/p>\n<\/div><\/section><br \/>\n<div  class='avia-button-wrap av-av_button-f8fea91ff8eabdf9e97b973af5013a9b-wrap avia-button-center  avia-builder-el-4  el_after_av_textblock  avia-builder-el-last '><a href='https:\/\/metaline.ee\/fi\/'  class='avia-button av-av_button-f8fea91ff8eabdf9e97b973af5013a9b av-link-btn avia-icon_select-no avia-size-medium avia-position-center avia-color-theme-color'   aria-label=\"Katso lis\u00e4\u00e4\"><span class='avia_iconbox_title' >Katso lis\u00e4\u00e4<\/span><\/a><\/div><\/p><\/div>\n\n<style type=\"text\/css\" data-created_by=\"avia_inline_auto\" id=\"style-css-av-av_one_third-9c1d454dc06f7247226bc4e8f931daae\">\n.flex_column.av-av_one_third-9c1d454dc06f7247226bc4e8f931daae{\nborder-radius:0px 0px 0px 0px;\npadding:0px 0px 0px 0px;\n}\n<\/style>\n<div  class='flex_column av-av_one_third-9c1d454dc06f7247226bc4e8f931daae av_one_third  avia-builder-el-5  el_after_av_one_third  el_before_av_one_third  flex_column_div av-zero-column-padding  '     ><section  class='av_textblock_section av-av_textblock-0366cc7376be6c9e82a3e9cc8987b64f '   itemscope=\"itemscope\" itemtype=\"https:\/\/schema.org\/CreativeWork\" ><div class='avia_textblock'  itemprop=\"text\" ><h2>J\u00e4lleenmyynti<\/h2>\n<\/div><\/section><br \/>\n<section  class='av_textblock_section av-av_textblock-0366cc7376be6c9e82a3e9cc8987b64f '   itemscope=\"itemscope\" itemtype=\"https:\/\/schema.org\/CreativeWork\" ><div class='avia_textblock'  itemprop=\"text\" ><p><strong>Oman valmistuksen lis\u00e4ksi myymme seuraavia tuotteita:<\/strong><\/p>\n<ul>\n<li>Puhaltimet<\/li>\n<li>S\u00e4\u00e4t\u00f6pellit<\/li>\n<li>Palo- ja savunhallintapellit<\/li>\n<li>Py\u00f6re\u00e4 kanavaj\u00e4rjestelm\u00e4<\/li>\n<li>Ilmanvaihotsuodattimet<\/li>\n<li>Eristemateriaalit<\/li>\n<li>Automatiikkalaitteet<\/li>\n<\/ul>\n<p>Valmistamme my\u00f6s tuotteita asiakkaan vaatimuksien mukaan.<\/p>\n<\/div><\/section><br \/>\n<div  class='avia-button-wrap av-av_button-f8fea91ff8eabdf9e97b973af5013a9b-wrap avia-button-center  avia-builder-el-8  el_after_av_textblock  avia-builder-el-last '><a href='https:\/\/metaline.ee\/fi\/'  class='avia-button av-av_button-f8fea91ff8eabdf9e97b973af5013a9b av-link-btn avia-icon_select-no avia-size-medium avia-position-center avia-color-theme-color'   aria-label=\"Katso lis\u00e4\u00e4\"><span class='avia_iconbox_title' >Katso lis\u00e4\u00e4<\/span><\/a><\/div><\/p><\/div>\n\n<style type=\"text\/css\" data-created_by=\"avia_inline_auto\" id=\"style-css-av-av_one_third-9c1d454dc06f7247226bc4e8f931daae\">\n.flex_column.av-av_one_third-9c1d454dc06f7247226bc4e8f931daae{\nborder-radius:0px 0px 0px 0px;\npadding:0px 0px 0px 0px;\n}\n<\/style>\n<div  class='flex_column av-av_one_third-9c1d454dc06f7247226bc4e8f931daae av_one_third  avia-builder-el-9  el_after_av_one_third  el_before_av_one_full  flex_column_div av-zero-column-padding  '     ><section  class='av_textblock_section av-av_textblock-0366cc7376be6c9e82a3e9cc8987b64f '   itemscope=\"itemscope\" itemtype=\"https:\/\/schema.org\/CreativeWork\" ><div class='avia_textblock'  itemprop=\"text\" ><h2>Yrityksest\u00e4<\/h2>\n<\/div><\/section><br \/>\n<section  class='av_textblock_section av-ldszpq2j-474c0a8c97ec5035df03431ddb18daa3 '   itemscope=\"itemscope\" itemtype=\"https:\/\/schema.org\/CreativeWork\" ><div class='avia_textblock'  itemprop=\"text\" ><p><strong>Metaline O\u00dc on ilmastointilaitteiden valmistuksen ja j\u00e4lleenmyynnin parissa toimiva yritys, joka palvelee sek\u00e4 Virossa ett\u00e4 Suomessa.<\/strong><\/p>\n<p>Meill\u00e4 on pitk\u00e4 kokemus ilmastointituotteiden valmistuksesta, yrityksemme on toiminut jo vuodesta 2014 l\u00e4htien. Se antaa meille mahdollisuuden tarjota asiakkaillemme luotettavaa ja ammattitaitoista palvelua, joka k\u00e4sitt\u00e4\u00e4 sek\u00e4 tuotteiden laadun ett\u00e4 my\u00f6s aikataulujen tarkan noudattamisen.<\/p>\n<\/div><\/section><br \/>\n<div  class='avia-button-wrap av-av_button-f8fea91ff8eabdf9e97b973af5013a9b-wrap avia-button-center  avia-builder-el-12  el_after_av_textblock  avia-builder-el-last '><a href='https:\/\/metaline.ee\/fi\/'  class='avia-button av-av_button-f8fea91ff8eabdf9e97b973af5013a9b av-link-btn avia-icon_select-no avia-size-medium avia-position-center avia-color-theme-color'   aria-label=\"Katso lis\u00e4\u00e4\"><span class='avia_iconbox_title' >Katso lis\u00e4\u00e4<\/span><\/a><\/div><\/p><\/div><div  class='flex_column av-av_one_full-2a9015ff38129c418a3f2eafba3e9512 av_one_full  avia-builder-el-13  el_after_av_one_third  avia-builder-el-last  first flex_column_div  column-top-margin'     ><\/div><\/p>\n","protected":false},"excerpt":{"rendered":"","protected":false},"author":2,"featured_media":0,"parent":0,"menu_order":0,"comment_status":"open","ping_status":"open","template":"","meta":{"footnotes":""},"class_list":["post-510","page","type-page","status-publish","hentry"],"yoast_head":"<!-- This site is optimized with the Yoast SEO plugin v27.1.1 - https:\/\/yoast.com\/product\/yoast-seo-wordpress\/ -->\n<title>Etusivu | Metaline OY<\/title>\n<meta name=\"description\" content=\"Metaline OY on uusi nopeasti kasvava yritys. Yritys on perustettu vuonna 2014. Tiimimme koostuu alan ammattilaisista. Katso lis\u00e4\u00e4!\" \/>\n<meta name=\"robots\" content=\"index, follow, max-snippet:-1, max-image-preview:large, max-video-preview:-1\" \/>\n<link rel=\"canonical\" href=\"https:\/\/metaline.ee\/fi\/\" \/>\n<meta property=\"og:locale\" content=\"fi_FI\" \/>\n<meta property=\"og:type\" content=\"article\" \/>\n<meta property=\"og:title\" content=\"Etusivu | Metaline OY\" \/>\n<meta property=\"og:description\" content=\"Metaline OY on uusi nopeasti kasvava yritys. Yritys on perustettu vuonna 2014. Tiimimme koostuu alan ammattilaisista. Katso lis\u00e4\u00e4!\" \/>\n<meta property=\"og:url\" content=\"https:\/\/metaline.ee\/fi\/\" \/>\n<meta property=\"og:site_name\" content=\"Metaline OY\" \/>\n<meta property=\"article:modified_time\" content=\"2023-02-14T20:14:02+00:00\" \/>\n<meta name=\"twitter:label1\" content=\"Arvioitu lukuaika\" \/>\n\t<meta name=\"twitter:data1\" content=\"1 minuutti\" \/>\n<script type=\"application\/ld+json\" class=\"yoast-schema-graph\">{\"@context\":\"https:\/\/schema.org\",\"@graph\":[{\"@type\":\"WebPage\",\"@id\":\"https:\/\/metaline.ee\/fi\/\",\"url\":\"https:\/\/metaline.ee\/fi\/\",\"name\":\"Etusivu | Metaline OY\",\"isPartOf\":{\"@id\":\"https:\/\/metaline.ee\/#website\"},\"datePublished\":\"2015-05-04T09:42:52+00:00\",\"dateModified\":\"2023-02-14T20:14:02+00:00\",\"description\":\"Metaline OY on uusi nopeasti kasvava yritys. Yritys on perustettu vuonna 2014. Tiimimme koostuu alan ammattilaisista. Katso lis\u00e4\u00e4!\",\"breadcrumb\":{\"@id\":\"https:\/\/metaline.ee\/fi\/#breadcrumb\"},\"inLanguage\":\"fi\",\"potentialAction\":[{\"@type\":\"ReadAction\",\"target\":[\"https:\/\/metaline.ee\/fi\/\"]}]},{\"@type\":\"BreadcrumbList\",\"@id\":\"https:\/\/metaline.ee\/fi\/#breadcrumb\",\"itemListElement\":[{\"@type\":\"ListItem\",\"position\":1,\"name\":\"Home\",\"item\":\"https:\/\/metaline.ee\/fi\/\"},{\"@type\":\"ListItem\",\"position\":2,\"name\":\"Etusivu\"}]},{\"@type\":\"WebSite\",\"@id\":\"https:\/\/metaline.ee\/#website\",\"url\":\"https:\/\/metaline.ee\/\",\"name\":\"Metaline OY\",\"description\":\"\",\"publisher\":{\"@id\":\"https:\/\/metaline.ee\/#organization\"},\"potentialAction\":[{\"@type\":\"SearchAction\",\"target\":{\"@type\":\"EntryPoint\",\"urlTemplate\":\"https:\/\/metaline.ee\/?s={search_term_string}\"},\"query-input\":{\"@type\":\"PropertyValueSpecification\",\"valueRequired\":true,\"valueName\":\"search_term_string\"}}],\"inLanguage\":\"fi\"},{\"@type\":\"Organization\",\"@id\":\"https:\/\/metaline.ee\/#organization\",\"name\":\"Metaline OY\",\"url\":\"https:\/\/metaline.ee\/\",\"logo\":{\"@type\":\"ImageObject\",\"inLanguage\":\"fi\",\"@id\":\"https:\/\/metaline.ee\/#\/schema\/logo\/image\/\",\"url\":\"https:\/\/i0.wp.com\/metaline.ee\/wp-content\/uploads\/2018\/08\/metaline_logo_notext_trans_menu.png?fit=340%2C135&ssl=1\",\"contentUrl\":\"https:\/\/i0.wp.com\/metaline.ee\/wp-content\/uploads\/2018\/08\/metaline_logo_notext_trans_menu.png?fit=340%2C135&ssl=1\",\"width\":340,\"height\":135,\"caption\":\"Metaline OY\"},\"image\":{\"@id\":\"https:\/\/metaline.ee\/#\/schema\/logo\/image\/\"}}]}<\/script>\n<!-- \/ Yoast SEO plugin. -->","yoast_head_json":{"title":"Etusivu | Metaline OY","description":"Metaline OY on uusi nopeasti kasvava yritys. Yritys on perustettu vuonna 2014. Tiimimme koostuu alan ammattilaisista. Katso lis\u00e4\u00e4!","robots":{"index":"index","follow":"follow","max-snippet":"max-snippet:-1","max-image-preview":"max-image-preview:large","max-video-preview":"max-video-preview:-1"},"canonical":"https:\/\/metaline.ee\/fi\/","og_locale":"fi_FI","og_type":"article","og_title":"Etusivu | Metaline OY","og_description":"Metaline OY on uusi nopeasti kasvava yritys. Yritys on perustettu vuonna 2014. Tiimimme koostuu alan ammattilaisista. Katso lis\u00e4\u00e4!","og_url":"https:\/\/metaline.ee\/fi\/","og_site_name":"Metaline OY","article_modified_time":"2023-02-14T20:14:02+00:00","twitter_misc":{"Arvioitu lukuaika":"1 minuutti"},"schema":{"@context":"https:\/\/schema.org","@graph":[{"@type":"WebPage","@id":"https:\/\/metaline.ee\/fi\/","url":"https:\/\/metaline.ee\/fi\/","name":"Etusivu | Metaline OY","isPartOf":{"@id":"https:\/\/metaline.ee\/#website"},"datePublished":"2015-05-04T09:42:52+00:00","dateModified":"2023-02-14T20:14:02+00:00","description":"Metaline OY on uusi nopeasti kasvava yritys. Yritys on perustettu vuonna 2014. Tiimimme koostuu alan ammattilaisista. Katso lis\u00e4\u00e4!","breadcrumb":{"@id":"https:\/\/metaline.ee\/fi\/#breadcrumb"},"inLanguage":"fi","potentialAction":[{"@type":"ReadAction","target":["https:\/\/metaline.ee\/fi\/"]}]},{"@type":"BreadcrumbList","@id":"https:\/\/metaline.ee\/fi\/#breadcrumb","itemListElement":[{"@type":"ListItem","position":1,"name":"Home","item":"https:\/\/metaline.ee\/fi\/"},{"@type":"ListItem","position":2,"name":"Etusivu"}]},{"@type":"WebSite","@id":"https:\/\/metaline.ee\/#website","url":"https:\/\/metaline.ee\/","name":"Metaline OY","description":"","publisher":{"@id":"https:\/\/metaline.ee\/#organization"},"potentialAction":[{"@type":"SearchAction","target":{"@type":"EntryPoint","urlTemplate":"https:\/\/metaline.ee\/?s={search_term_string}"},"query-input":{"@type":"PropertyValueSpecification","valueRequired":true,"valueName":"search_term_string"}}],"inLanguage":"fi"},{"@type":"Organization","@id":"https:\/\/metaline.ee\/#organization","name":"Metaline OY","url":"https:\/\/metaline.ee\/","logo":{"@type":"ImageObject","inLanguage":"fi","@id":"https:\/\/metaline.ee\/#\/schema\/logo\/image\/","url":"https:\/\/i0.wp.com\/metaline.ee\/wp-content\/uploads\/2018\/08\/metaline_logo_notext_trans_menu.png?fit=340%2C135&ssl=1","contentUrl":"https:\/\/i0.wp.com\/metaline.ee\/wp-content\/uploads\/2018\/08\/metaline_logo_notext_trans_menu.png?fit=340%2C135&ssl=1","width":340,"height":135,"caption":"Metaline OY"},"image":{"@id":"https:\/\/metaline.ee\/#\/schema\/logo\/image\/"}}]}},"_links":{"self":[{"href":"https:\/\/metaline.ee\/fi\/wp-json\/wp\/v2\/pages\/510","targetHints":{"allow":["GET"]}}],"collection":[{"href":"https:\/\/metaline.ee\/fi\/wp-json\/wp\/v2\/pages"}],"about":[{"href":"https:\/\/metaline.ee\/fi\/wp-json\/wp\/v2\/types\/page"}],"author":[{"embeddable":true,"href":"https:\/\/metaline.ee\/fi\/wp-json\/wp\/v2\/users\/2"}],"replies":[{"embeddable":true,"href":"https:\/\/metaline.ee\/fi\/wp-json\/wp\/v2\/comments?post=510"}],"version-history":[{"count":15,"href":"https:\/\/metaline.ee\/fi\/wp-json\/wp\/v2\/pages\/510\/revisions"}],"predecessor-version":[{"id":2926,"href":"https:\/\/metaline.ee\/fi\/wp-json\/wp\/v2\/pages\/510\/revisions\/2926"}],"wp:attachment":[{"href":"https:\/\/metaline.ee\/fi\/wp-json\/wp\/v2\/media?parent=510"}],"curies":[{"name":"wp","href":"https:\/\/api.w.org\/{rel}","templated":true}]}}