{"id":541,"date":"2015-05-04T10:12:32","date_gmt":"2015-05-04T10:12:32","guid":{"rendered":"http:\/\/www.metaline.ee\/?page_id=541"},"modified":"2023-02-06T15:51:55","modified_gmt":"2023-02-06T15:51:55","slug":"yrityksesta","status":"publish","type":"page","link":"https:\/\/metaline.ee\/fi\/yrityksesta\/","title":{"rendered":"Yrityksest\u00e4"},"content":{"rendered":"<div  class='flex_column av-av_one_half-2a9015ff38129c418a3f2eafba3e9512 av_one_half  avia-builder-el-0  el_before_av_one_half  avia-builder-el-first  first flex_column_div  '     ><section  class='av_textblock_section av-ldszqvrg-11dd40245d79f7d2c811d8136ba26916 '   itemscope=\"itemscope\" itemtype=\"https:\/\/schema.org\/CreativeWork\" ><div class='avia_textblock'  itemprop=\"text\" ><p>Metaline O\u00dc on ilmastointilaitteiden valmistuksen ja j\u00e4lleenmyynnin parissa toimiva yritys, joka palvelee sek\u00e4 Virossa ett\u00e4 Suomessa.<\/p>\n<p>Meill\u00e4 on pitk\u00e4 kokemus ilmastointituotteiden valmistuksesta, yrityksemme on toiminut jo vuodesta 2014 l\u00e4htien. Se antaa meille mahdollisuuden tarjota asiakkaillemme luotettavaa ja ammattitaitoista palvelua, joka k\u00e4sitt\u00e4\u00e4 sek\u00e4 tuotteiden laadun ett\u00e4 my\u00f6s aikataulujen tarkan noudattamisen.<\/p>\n<h3>Valmistamme ja myymme seuraavia tuotteita:<\/h3>\n<p><strong>&#8211; SUORAKAIDEKANAVAJ\u00c4RJESTELM\u00c4<\/strong><\/p>\n<p><strong>&#8211; KATTOL\u00c4PIVIENNIT<br \/>\n<\/strong><\/p>\n<p><strong>&#8211; \u00c4\u00c4NENEVAIMENTIMET<\/strong><\/p>\n<p>Valmistamme my\u00f6s tuotteita asiakkaan vaatimuksien mukaan.<\/p>\n<h3>Oman tuotannon lis\u00e4ksi myymme my\u00f6s seuraavia tuotteita:<\/h3>\n<p>&#8211; PY\u00d6RE\u00c4 KANAVAJ\u00c4RJESTELM\u00c4<\/p>\n<p>&#8211; IRIS-TYYPPISET S\u00c4\u00c4T\u00d6PELLIT<\/p>\n<p>&#8211; ILMANSUODATTIMET<\/p>\n<p>&#8211; ERISTEMATERIAALIT<\/p>\n<p>Tuotevalikoimaamme laajene jatkuvasti koska haluamme tarjota asiakkaillemme mahdollisimman monipuolisen tuotevalikoiman.<\/p>\n<p><strong>Myymme ja markkinoimme tuotteitamme sek\u00e4 Virossa ett\u00e4 Suomessa.<\/strong><\/p>\n<\/div><\/section><\/div>\n<style type=\"text\/css\" data-created_by=\"avia_inline_auto\" id=\"style-css-av-av_one_half-9c1d454dc06f7247226bc4e8f931daae\">\n.flex_column.av-av_one_half-9c1d454dc06f7247226bc4e8f931daae{\nborder-radius:0px 0px 0px 0px;\npadding:0px 0px 0px 0px;\n}\n<\/style>\n<div  class='flex_column av-av_one_half-9c1d454dc06f7247226bc4e8f931daae av_one_half  avia-builder-el-2  el_after_av_one_half  el_before_av_hr  flex_column_div av-zero-column-padding  '     ><p>\n<style type=\"text\/css\" data-created_by=\"avia_inline_auto\" id=\"style-css-av-av_image-be8a0f02d6939bc9d1328201cde7fe2c\">\n.avia-image-container.av-av_image-be8a0f02d6939bc9d1328201cde7fe2c img.avia_image{\nbox-shadow:none;\n}\n.avia-image-container.av-av_image-be8a0f02d6939bc9d1328201cde7fe2c .av-image-caption-overlay-center{\ncolor:#ffffff;\n}\n<\/style>\n<div  class='avia-image-container av-av_image-be8a0f02d6939bc9d1328201cde7fe2c av-styling- avia-align-center  avia-builder-el-3  el_before_av_hr  avia-builder-el-first '   itemprop=\"image\" itemscope=\"itemscope\" itemtype=\"https:\/\/schema.org\/ImageObject\" ><div class=\"avia-image-container-inner\"><div class=\"avia-image-overlay-wrap\"><img decoding=\"async\" fetchpriority=\"high\" class='wp-image-1716 avia-img-lazy-loading-not-1716 avia_image ' src=\"https:\/\/metaline.ee\/wp-content\/uploads\/2018\/08\/metaline_logo_notext_trans_large-1-1030x472.png\" alt='' title='metaline_logo_notext_trans_large'  height=\"472\" width=\"1030\"  itemprop=\"thumbnailUrl\" srcset=\"https:\/\/metaline.ee\/wp-content\/uploads\/2018\/08\/metaline_logo_notext_trans_large-1-1030x472.png 1030w, https:\/\/metaline.ee\/wp-content\/uploads\/2018\/08\/metaline_logo_notext_trans_large-1-300x138.png 300w, https:\/\/metaline.ee\/wp-content\/uploads\/2018\/08\/metaline_logo_notext_trans_large-1-768x352.png 768w, https:\/\/metaline.ee\/wp-content\/uploads\/2018\/08\/metaline_logo_notext_trans_large-1-705x323.png 705w, https:\/\/metaline.ee\/wp-content\/uploads\/2018\/08\/metaline_logo_notext_trans_large-1-450x206.png 450w, https:\/\/metaline.ee\/wp-content\/uploads\/2018\/08\/metaline_logo_notext_trans_large-1.png 1308w\" sizes=\"(max-width: 1030px) 100vw, 1030px\" \/><\/div><\/div><\/div><br \/>\n<div  class='hr av-av_hr-dcd2069817a0e3d34ae04cad8f3443c7 hr-default  avia-builder-el-4  el_after_av_image  avia-builder-el-last '><span class='hr-inner '><span class=\"hr-inner-style\"><\/span><\/span><\/div><\/p><\/div><\/p>\n<div  class='hr av-av_hr-dcd2069817a0e3d34ae04cad8f3443c7 hr-default  avia-builder-el-5  el_after_av_one_half  el_before_av_textblock '><span class='hr-inner '><span class=\"hr-inner-style\"><\/span><\/span><\/div>\n<section  class='av_textblock_section av-av_textblock-0366cc7376be6c9e82a3e9cc8987b64f '   itemscope=\"itemscope\" itemtype=\"https:\/\/schema.org\/CreativeWork\" ><div class='avia_textblock'  itemprop=\"text\" ><p>\u00a0<\/p>\n<\/div><\/section>\n","protected":false},"excerpt":{"rendered":"","protected":false},"author":2,"featured_media":0,"parent":0,"menu_order":0,"comment_status":"open","ping_status":"open","template":"","meta":{"footnotes":""},"class_list":["post-541","page","type-page","status-publish","hentry"],"yoast_head":"<!-- This site is optimized with the Yoast SEO plugin v27.1.1 - https:\/\/yoast.com\/product\/yoast-seo-wordpress\/ -->\n<title>Yrityksest\u00e4 | Metaline OY<\/title>\n<meta name=\"robots\" content=\"index, follow, max-snippet:-1, max-image-preview:large, max-video-preview:-1\" \/>\n<link rel=\"canonical\" href=\"https:\/\/metaline.ee\/fi\/yrityksesta\/\" \/>\n<meta property=\"og:locale\" content=\"fi_FI\" \/>\n<meta property=\"og:type\" content=\"article\" \/>\n<meta property=\"og:title\" content=\"Yrityksest\u00e4 | Metaline OY\" \/>\n<meta property=\"og:url\" content=\"https:\/\/metaline.ee\/fi\/yrityksesta\/\" \/>\n<meta property=\"og:site_name\" content=\"Metaline OY\" \/>\n<meta property=\"article:modified_time\" content=\"2023-02-06T15:51:55+00:00\" \/>\n<meta name=\"twitter:label1\" content=\"Arvioitu lukuaika\" \/>\n\t<meta name=\"twitter:data1\" content=\"1 minuutti\" \/>\n<script type=\"application\/ld+json\" class=\"yoast-schema-graph\">{\"@context\":\"https:\/\/schema.org\",\"@graph\":[{\"@type\":\"WebPage\",\"@id\":\"https:\/\/metaline.ee\/fi\/yrityksesta\/\",\"url\":\"https:\/\/metaline.ee\/fi\/yrityksesta\/\",\"name\":\"Yrityksest\u00e4 | Metaline OY\",\"isPartOf\":{\"@id\":\"https:\/\/metaline.ee\/#website\"},\"datePublished\":\"2015-05-04T10:12:32+00:00\",\"dateModified\":\"2023-02-06T15:51:55+00:00\",\"breadcrumb\":{\"@id\":\"https:\/\/metaline.ee\/fi\/yrityksesta\/#breadcrumb\"},\"inLanguage\":\"fi\",\"potentialAction\":[{\"@type\":\"ReadAction\",\"target\":[\"https:\/\/metaline.ee\/fi\/yrityksesta\/\"]}]},{\"@type\":\"BreadcrumbList\",\"@id\":\"https:\/\/metaline.ee\/fi\/yrityksesta\/#breadcrumb\",\"itemListElement\":[{\"@type\":\"ListItem\",\"position\":1,\"name\":\"Home\",\"item\":\"https:\/\/metaline.ee\/fi\/\"},{\"@type\":\"ListItem\",\"position\":2,\"name\":\"Yrityksest\u00e4\"}]},{\"@type\":\"WebSite\",\"@id\":\"https:\/\/metaline.ee\/#website\",\"url\":\"https:\/\/metaline.ee\/\",\"name\":\"Metaline OY\",\"description\":\"\",\"publisher\":{\"@id\":\"https:\/\/metaline.ee\/#organization\"},\"potentialAction\":[{\"@type\":\"SearchAction\",\"target\":{\"@type\":\"EntryPoint\",\"urlTemplate\":\"https:\/\/metaline.ee\/?s={search_term_string}\"},\"query-input\":{\"@type\":\"PropertyValueSpecification\",\"valueRequired\":true,\"valueName\":\"search_term_string\"}}],\"inLanguage\":\"fi\"},{\"@type\":\"Organization\",\"@id\":\"https:\/\/metaline.ee\/#organization\",\"name\":\"Metaline OY\",\"url\":\"https:\/\/metaline.ee\/\",\"logo\":{\"@type\":\"ImageObject\",\"inLanguage\":\"fi\",\"@id\":\"https:\/\/metaline.ee\/#\/schema\/logo\/image\/\",\"url\":\"https:\/\/i0.wp.com\/metaline.ee\/wp-content\/uploads\/2018\/08\/metaline_logo_notext_trans_menu.png?fit=340%2C135&ssl=1\",\"contentUrl\":\"https:\/\/i0.wp.com\/metaline.ee\/wp-content\/uploads\/2018\/08\/metaline_logo_notext_trans_menu.png?fit=340%2C135&ssl=1\",\"width\":340,\"height\":135,\"caption\":\"Metaline OY\"},\"image\":{\"@id\":\"https:\/\/metaline.ee\/#\/schema\/logo\/image\/\"}}]}<\/script>\n<!-- \/ Yoast SEO plugin. -->","yoast_head_json":{"title":"Yrityksest\u00e4 | Metaline OY","robots":{"index":"index","follow":"follow","max-snippet":"max-snippet:-1","max-image-preview":"max-image-preview:large","max-video-preview":"max-video-preview:-1"},"canonical":"https:\/\/metaline.ee\/fi\/yrityksesta\/","og_locale":"fi_FI","og_type":"article","og_title":"Yrityksest\u00e4 | Metaline OY","og_url":"https:\/\/metaline.ee\/fi\/yrityksesta\/","og_site_name":"Metaline OY","article_modified_time":"2023-02-06T15:51:55+00:00","twitter_misc":{"Arvioitu lukuaika":"1 minuutti"},"schema":{"@context":"https:\/\/schema.org","@graph":[{"@type":"WebPage","@id":"https:\/\/metaline.ee\/fi\/yrityksesta\/","url":"https:\/\/metaline.ee\/fi\/yrityksesta\/","name":"Yrityksest\u00e4 | Metaline OY","isPartOf":{"@id":"https:\/\/metaline.ee\/#website"},"datePublished":"2015-05-04T10:12:32+00:00","dateModified":"2023-02-06T15:51:55+00:00","breadcrumb":{"@id":"https:\/\/metaline.ee\/fi\/yrityksesta\/#breadcrumb"},"inLanguage":"fi","potentialAction":[{"@type":"ReadAction","target":["https:\/\/metaline.ee\/fi\/yrityksesta\/"]}]},{"@type":"BreadcrumbList","@id":"https:\/\/metaline.ee\/fi\/yrityksesta\/#breadcrumb","itemListElement":[{"@type":"ListItem","position":1,"name":"Home","item":"https:\/\/metaline.ee\/fi\/"},{"@type":"ListItem","position":2,"name":"Yrityksest\u00e4"}]},{"@type":"WebSite","@id":"https:\/\/metaline.ee\/#website","url":"https:\/\/metaline.ee\/","name":"Metaline OY","description":"","publisher":{"@id":"https:\/\/metaline.ee\/#organization"},"potentialAction":[{"@type":"SearchAction","target":{"@type":"EntryPoint","urlTemplate":"https:\/\/metaline.ee\/?s={search_term_string}"},"query-input":{"@type":"PropertyValueSpecification","valueRequired":true,"valueName":"search_term_string"}}],"inLanguage":"fi"},{"@type":"Organization","@id":"https:\/\/metaline.ee\/#organization","name":"Metaline OY","url":"https:\/\/metaline.ee\/","logo":{"@type":"ImageObject","inLanguage":"fi","@id":"https:\/\/metaline.ee\/#\/schema\/logo\/image\/","url":"https:\/\/i0.wp.com\/metaline.ee\/wp-content\/uploads\/2018\/08\/metaline_logo_notext_trans_menu.png?fit=340%2C135&ssl=1","contentUrl":"https:\/\/i0.wp.com\/metaline.ee\/wp-content\/uploads\/2018\/08\/metaline_logo_notext_trans_menu.png?fit=340%2C135&ssl=1","width":340,"height":135,"caption":"Metaline OY"},"image":{"@id":"https:\/\/metaline.ee\/#\/schema\/logo\/image\/"}}]}},"_links":{"self":[{"href":"https:\/\/metaline.ee\/fi\/wp-json\/wp\/v2\/pages\/541","targetHints":{"allow":["GET"]}}],"collection":[{"href":"https:\/\/metaline.ee\/fi\/wp-json\/wp\/v2\/pages"}],"about":[{"href":"https:\/\/metaline.ee\/fi\/wp-json\/wp\/v2\/types\/page"}],"author":[{"embeddable":true,"href":"https:\/\/metaline.ee\/fi\/wp-json\/wp\/v2\/users\/2"}],"replies":[{"embeddable":true,"href":"https:\/\/metaline.ee\/fi\/wp-json\/wp\/v2\/comments?post=541"}],"version-history":[{"count":9,"href":"https:\/\/metaline.ee\/fi\/wp-json\/wp\/v2\/pages\/541\/revisions"}],"predecessor-version":[{"id":2856,"href":"https:\/\/metaline.ee\/fi\/wp-json\/wp\/v2\/pages\/541\/revisions\/2856"}],"wp:attachment":[{"href":"https:\/\/metaline.ee\/fi\/wp-json\/wp\/v2\/media?parent=541"}],"curies":[{"name":"wp","href":"https:\/\/api.w.org\/{rel}","templated":true}]}}