{"id":545,"date":"2015-05-04T10:15:32","date_gmt":"2015-05-04T10:15:32","guid":{"rendered":"http:\/\/www.metaline.ee\/?page_id=545"},"modified":"2025-06-26T07:46:36","modified_gmt":"2025-06-26T07:46:36","slug":"yhteystiedot","status":"publish","type":"page","link":"https:\/\/metaline.ee\/fi\/yhteystiedot\/","title":{"rendered":"Yhteystiedot"},"content":{"rendered":"\n<style type=\"text\/css\" data-created_by=\"avia_inline_auto\" id=\"style-css-av-av_one_full-9497bbf8bff73ea4c6992cc17fa9ec36\">\n.flex_column.av-av_one_full-9497bbf8bff73ea4c6992cc17fa9ec36{\nborder-radius:0px 0px 0px 0px;\npadding:0px 0px 0px 0px;\n}\n<\/style>\n<div  class='flex_column av-av_one_full-9497bbf8bff73ea4c6992cc17fa9ec36 av_one_full  avia-builder-el-0  el_before_av_one_fourth  avia-builder-el-first  first flex_column_div av-zero-column-padding  '     ><section  class='av_textblock_section av-av_textblock-0366cc7376be6c9e82a3e9cc8987b64f '   itemscope=\"itemscope\" itemtype=\"https:\/\/schema.org\/CreativeWork\" ><div class='avia_textblock'  itemprop=\"text\" ><p><iframe loading=\"lazy\" style=\"border: 0;\" src=\"https:\/\/www.google.com\/maps\/embed?pb=!1m18!1m12!1m3!1d2029.529358986622!2d24.689025016157526!3d59.424245410450645!2m3!1f0!2f0!3f0!3m2!1i1024!2i768!4f13.1!3m3!1m2!1s0x46929460e9a6f04f%3A0x38c83ee429ef367c!2sMarja%207%2C%2010617%20Tallinn!5e0!3m2!1set!2see!4v1632426196576!5m2!1set!2see\" width=\"100%\" height=\"400\" frameborder=\"0\" allowfullscreen=\"allowfullscreen\"><\/iframe><\/p>\n<\/div><\/section><\/div>\n\n<style type=\"text\/css\" data-created_by=\"avia_inline_auto\" id=\"style-css-av-av_one_fourth-9497bbf8bff73ea4c6992cc17fa9ec36\">\n.flex_column.av-av_one_fourth-9497bbf8bff73ea4c6992cc17fa9ec36{\nborder-radius:0px 0px 0px 0px;\npadding:0px 0px 0px 0px;\n}\n<\/style>\n<div  class='flex_column av-av_one_fourth-9497bbf8bff73ea4c6992cc17fa9ec36 av_one_fourth  avia-builder-el-2  el_after_av_one_full  el_before_av_one_fourth  first flex_column_div av-zero-column-padding  column-top-margin'     ><section  class='av_textblock_section av-av_textblock-0366cc7376be6c9e82a3e9cc8987b64f '   itemscope=\"itemscope\" itemtype=\"https:\/\/schema.org\/CreativeWork\" ><div class='avia_textblock'  itemprop=\"text\" ><p><strong>Myyntip\u00e4\u00e4llikk\u00f6<\/strong><\/p>\n<p>Raimond Adamson<\/p>\n<p>Puhelin: +372 50 16708<\/p>\n<p><strong><a href=\"mailto:raimond.adamson@metaline.ee\">raimond.adamson@metaline.ee<\/a><\/strong><\/p>\n<p><img loading=\"lazy\" decoding=\"async\" class=\"alignleft size-full wp-image-868\" src=\"http:\/\/www.metaline.ee\/wp-content\/uploads\/2014\/06\/Raimond11.png\" alt=\"Raimond1\" width=\"77\" height=\"16\" \/><\/p>\n<\/div><\/section><\/div>\n\n<style type=\"text\/css\" data-created_by=\"avia_inline_auto\" id=\"style-css-av-av_one_fourth-9c1d454dc06f7247226bc4e8f931daae\">\n.flex_column.av-av_one_fourth-9c1d454dc06f7247226bc4e8f931daae{\nborder-radius:0px 0px 0px 0px;\npadding:0px 0px 0px 0px;\n}\n<\/style>\n<div  class='flex_column av-av_one_fourth-9c1d454dc06f7247226bc4e8f931daae av_one_fourth  avia-builder-el-4  el_after_av_one_fourth  el_before_av_one_fourth  flex_column_div av-zero-column-padding  column-top-margin'     ><section  class='av_textblock_section av-av_textblock-0366cc7376be6c9e82a3e9cc8987b64f '   itemscope=\"itemscope\" itemtype=\"https:\/\/schema.org\/CreativeWork\" ><div class='avia_textblock'  itemprop=\"text\" ><p><strong>Myyntip\u00e4\u00e4llikk\u00f6<\/strong><\/p>\n<p>Tiit Tagel<\/p>\n<p>Puhelin: +372 50 22 846<\/p>\n<p><strong><a href=\"mailto:tiit.tagel@metaline.ee\">tiit.tagel@metaline.ee<\/a><\/strong><\/p>\n<p><a href=\"http:\/\/metaline.ee\/wp-content\/uploads\/2018\/01\/Tiit1.png\"><img loading=\"lazy\" decoding=\"async\" class=\"alignnone size-full wp-image-1380\" src=\"http:\/\/metaline.ee\/wp-content\/uploads\/2018\/01\/Tiit1.png\" alt=\"\" width=\"77\" height=\"16\" \/><\/a><\/p>\n<\/div><\/section><\/div>\n\n<style type=\"text\/css\" data-created_by=\"avia_inline_auto\" id=\"style-css-av-av_one_fourth-9c1d454dc06f7247226bc4e8f931daae\">\n.flex_column.av-av_one_fourth-9c1d454dc06f7247226bc4e8f931daae{\nborder-radius:0px 0px 0px 0px;\npadding:0px 0px 0px 0px;\n}\n<\/style>\n<div  class='flex_column av-av_one_fourth-9c1d454dc06f7247226bc4e8f931daae av_one_fourth  avia-builder-el-6  el_after_av_one_fourth  el_before_av_one_fourth  flex_column_div av-zero-column-padding  column-top-margin'     ><section  class='av_textblock_section av-av_textblock-0366cc7376be6c9e82a3e9cc8987b64f '   itemscope=\"itemscope\" itemtype=\"https:\/\/schema.org\/CreativeWork\" ><div class='avia_textblock'  itemprop=\"text\" ><p><strong>Myyntiassistentti<\/strong><\/p>\n<p>Ester Kuusik<\/p>\n<p>Puhelin:\u00a0+372\u00a056 212 514<\/p>\n<p><strong><a href=\"mailto:ester.kuusik@metaline.ee\">ester.kuusik@metaline.ee<\/a><\/strong><\/p>\n<p><img loading=\"lazy\" decoding=\"async\" class=\"alignleft size-full wp-image-869\" src=\"http:\/\/www.metaline.ee\/wp-content\/uploads\/2014\/06\/Ken1-2.png\" alt=\"Ken1 (2)\" width=\"103\" height=\"16\" \/><\/p>\n<\/div><\/section><\/div>\n\n<style type=\"text\/css\" data-created_by=\"avia_inline_auto\" id=\"style-css-av-av_one_fourth-9c1d454dc06f7247226bc4e8f931daae\">\n.flex_column.av-av_one_fourth-9c1d454dc06f7247226bc4e8f931daae{\nborder-radius:0px 0px 0px 0px;\npadding:0px 0px 0px 0px;\n}\n<\/style>\n<div  class='flex_column av-av_one_fourth-9c1d454dc06f7247226bc4e8f931daae av_one_fourth  avia-builder-el-8  el_after_av_one_fourth  el_before_av_one_fourth  flex_column_div av-zero-column-padding  column-top-margin'     ><section  class='av_textblock_section av-mcd2v380-6c2ca98a4f3b3f760ec0b33f438e0e92 '   itemscope=\"itemscope\" itemtype=\"https:\/\/schema.org\/CreativeWork\" ><div class='avia_textblock'  itemprop=\"text\" ><p><strong>Myyntiassistenti<\/strong><\/p>\n<p>Lisella Ellisaar<\/p>\n<p>Puhelin: +372 53 590 444<\/p>\n<p><strong><a href=\"mailto:lisella.ellisaar@metaline.ee\">lisella.ellisaar@metaline.ee<\/a><\/strong><\/p>\n<p><a href=\"http:\/\/www.metaline.ee\/wp-content\/uploads\/2014\/06\/Helen1.png\"><img loading=\"lazy\" decoding=\"async\" class=\"alignleft size-full wp-image-801\" src=\"http:\/\/www.metaline.ee\/wp-content\/uploads\/2014\/06\/Helen1.png\" alt=\"Helen\" width=\"50\" height=\"16\" \/><\/a><\/p>\n<\/div><\/section><\/div>\n<style type=\"text\/css\" data-created_by=\"avia_inline_auto\" id=\"style-css-av-av_one_fourth-9497bbf8bff73ea4c6992cc17fa9ec36\">\n.flex_column.av-av_one_fourth-9497bbf8bff73ea4c6992cc17fa9ec36{\nborder-radius:0px 0px 0px 0px;\npadding:0px 0px 0px 0px;\n}\n<\/style>\n<div  class='flex_column av-av_one_fourth-9497bbf8bff73ea4c6992cc17fa9ec36 av_one_fourth  avia-builder-el-10  el_after_av_one_fourth  el_before_av_one_fourth  first flex_column_div av-zero-column-padding  column-top-margin'     ><section  class='av_textblock_section av-av_textblock-0366cc7376be6c9e82a3e9cc8987b64f '   itemscope=\"itemscope\" itemtype=\"https:\/\/schema.org\/CreativeWork\" ><div class='avia_textblock'  itemprop=\"text\" ><p><strong>Toimitusjohtaja<\/strong><\/p>\n<p>Ken Tomson<\/p>\n<p>Puhelin: +372 51 91 2000<\/p>\n<p><strong><a href=\"mailto:ken.tomson@metaline.ee\">ken.tomson@metaline.ee<\/a><\/strong><\/p>\n<p><a href=\"http:\/\/www.metaline.ee\/wp-content\/uploads\/2014\/06\/Ken1.png\"><img loading=\"lazy\" decoding=\"async\" class=\"alignleft size-full wp-image-796\" src=\"http:\/\/www.metaline.ee\/wp-content\/uploads\/2014\/06\/Ken1.png\" alt=\"Keeled\" width=\"103\" height=\"16\" \/><\/a><\/p>\n<\/div><\/section><\/div><\/p>\n\n<style type=\"text\/css\" data-created_by=\"avia_inline_auto\" id=\"style-css-av-av_one_fourth-9c1d454dc06f7247226bc4e8f931daae\">\n.flex_column.av-av_one_fourth-9c1d454dc06f7247226bc4e8f931daae{\nborder-radius:0px 0px 0px 0px;\npadding:0px 0px 0px 0px;\n}\n<\/style>\n<div  class='flex_column av-av_one_fourth-9c1d454dc06f7247226bc4e8f931daae av_one_fourth  avia-builder-el-12  el_after_av_one_fourth  el_before_av_one_fourth  flex_column_div av-zero-column-padding  column-top-margin'     ><section  class='av_textblock_section av-av_textblock-0366cc7376be6c9e82a3e9cc8987b64f '   itemscope=\"itemscope\" itemtype=\"https:\/\/schema.org\/CreativeWork\" ><div class='avia_textblock'  itemprop=\"text\" ><p><strong>Tuotantop\u00e4\u00e4likk\u00f6<\/strong><\/p>\n<p>Sergei Mooro<\/p>\n<p>Puhelin: +372\u00a052 78 714<\/p>\n<p><strong><a href=\"mailto:sergei.mooro@metaline.ee\">sergei.mooro@metaline.ee<\/a><\/strong><\/p>\n<p><img loading=\"lazy\" decoding=\"async\" class=\"alignleft size-full wp-image-866\" src=\"http:\/\/www.metaline.ee\/wp-content\/uploads\/2014\/06\/Sergei11.png\" alt=\"Sergei1\" width=\"50\" height=\"16\" \/><\/p>\n<\/div><\/section><\/div>\n\n<style type=\"text\/css\" data-created_by=\"avia_inline_auto\" id=\"style-css-av-av_one_fourth-9c1d454dc06f7247226bc4e8f931daae\">\n.flex_column.av-av_one_fourth-9c1d454dc06f7247226bc4e8f931daae{\nborder-radius:0px 0px 0px 0px;\npadding:0px 0px 0px 0px;\n}\n<\/style>\n<div  class='flex_column av-av_one_fourth-9c1d454dc06f7247226bc4e8f931daae av_one_fourth  avia-builder-el-14  el_after_av_one_fourth  el_before_av_one_fourth  flex_column_div av-zero-column-padding  column-top-margin'     ><section  class='av_textblock_section av-mcd2x75s-b06e7643adc678f7ad362b244ebe4a6a '   itemscope=\"itemscope\" itemtype=\"https:\/\/schema.org\/CreativeWork\" ><div class='avia_textblock'  itemprop=\"text\" ><p><strong>Toimistop\u00e4\u00e4llikk\u00f6<\/strong><\/p>\n<p>Kristina Tomson<\/p>\n<p>Puhelin:\u00a0+372 56\u00a026 4422<\/p>\n<p><strong><a href=\"mailto:kristina.tomson@metaline.ee\">kristina.tomson@metaline.ee<\/a><\/strong><\/p>\n<p><a href=\"http:\/\/www.metaline.ee\/wp-content\/uploads\/2014\/06\/Sergei1.png\"><img loading=\"lazy\" decoding=\"async\" class=\"alignleft size-full wp-image-799\" src=\"http:\/\/www.metaline.ee\/wp-content\/uploads\/2014\/06\/Sergei1.png\" alt=\"Keeled\" width=\"50\" height=\"16\" \/><\/a><\/p>\n<\/div><\/section><\/div>\n<style type=\"text\/css\" data-created_by=\"avia_inline_auto\" id=\"style-css-av-av_one_fourth-9c1d454dc06f7247226bc4e8f931daae\">\n.flex_column.av-av_one_fourth-9c1d454dc06f7247226bc4e8f931daae{\nborder-radius:0px 0px 0px 0px;\npadding:0px 0px 0px 0px;\n}\n<\/style>\n<div  class='flex_column av-av_one_fourth-9c1d454dc06f7247226bc4e8f931daae av_one_fourth  avia-builder-el-16  el_after_av_one_fourth  el_before_av_one_fourth  flex_column_div av-zero-column-padding  column-top-margin'     ><section  class='av_textblock_section av-av_textblock-0366cc7376be6c9e82a3e9cc8987b64f '   itemscope=\"itemscope\" itemtype=\"https:\/\/schema.org\/CreativeWork\" ><div class='avia_textblock'  itemprop=\"text\" ><p><strong>Kehitysinsin\u00f6\u00f6ri<\/strong><\/p>\n<p>Helen Tintse<\/p>\n<p>Puhelin:\u00a0+372 52 12\u00a0220<\/p>\n<p><strong><a href=\"mailto:helen.tintse@metaline.ee\">helen.tintse@metaline.ee<\/a><\/strong><\/p>\n<p><img loading=\"lazy\" decoding=\"async\" class=\"alignleft size-full wp-image-870\" src=\"http:\/\/www.metaline.ee\/wp-content\/uploads\/2014\/06\/Helen11.png\" alt=\"Helen1\" width=\"50\" height=\"16\" \/><\/p>\n<\/div><\/section><\/div><\/p>\n\n<style type=\"text\/css\" data-created_by=\"avia_inline_auto\" id=\"style-css-av-av_one_fourth-9497bbf8bff73ea4c6992cc17fa9ec36\">\n.flex_column.av-av_one_fourth-9497bbf8bff73ea4c6992cc17fa9ec36{\nborder-radius:0px 0px 0px 0px;\npadding:0px 0px 0px 0px;\n}\n<\/style>\n<div  class='flex_column av-av_one_fourth-9497bbf8bff73ea4c6992cc17fa9ec36 av_one_fourth  avia-builder-el-18  el_after_av_one_fourth  el_before_av_hr  first flex_column_div av-zero-column-padding  column-top-margin'     ><section  class='av_textblock_section av-av_textblock-0366cc7376be6c9e82a3e9cc8987b64f '   itemscope=\"itemscope\" itemtype=\"https:\/\/schema.org\/CreativeWork\" ><div class='avia_textblock'  itemprop=\"text\" ><p><strong>Kirjanpit\u00e4j\u00e4<\/strong><\/p>\n<p>Veikko Vaher<\/p>\n<p>Puhelin: +372 56 636 695<\/p>\n<p><strong><a href=\"mailto:info@paberiveski.ee\">info@paberiveski.ee<\/a><\/strong><\/p>\n<p><a href=\"http:\/\/www.metaline.ee\/wp-content\/uploads\/2014\/06\/Ken1.png\"><img loading=\"lazy\" decoding=\"async\" class=\"alignleft size-full wp-image-796\" src=\"http:\/\/www.metaline.ee\/wp-content\/uploads\/2014\/06\/Ken1.png\" alt=\"Keeled\" width=\"103\" height=\"16\" \/><\/a><\/p>\n<\/div><\/section><\/div>\n<div  class='hr av-av_hr-dcd2069817a0e3d34ae04cad8f3443c7 hr-default  avia-builder-el-20  el_after_av_one_fourth  avia-builder-el-last '><span class='hr-inner '><span class=\"hr-inner-style\"><\/span><\/span><\/div>\n","protected":false},"excerpt":{"rendered":"","protected":false},"author":2,"featured_media":0,"parent":0,"menu_order":0,"comment_status":"open","ping_status":"open","template":"","meta":{"footnotes":""},"class_list":["post-545","page","type-page","status-publish","hentry"],"yoast_head":"<!-- This site is optimized with the Yoast SEO plugin v27.1.1 - https:\/\/yoast.com\/product\/yoast-seo-wordpress\/ -->\n<title>Yhteystiedot | Metaline OY<\/title>\n<meta name=\"robots\" content=\"index, follow, max-snippet:-1, max-image-preview:large, max-video-preview:-1\" \/>\n<link rel=\"canonical\" href=\"https:\/\/metaline.ee\/fi\/yhteystiedot\/\" \/>\n<meta property=\"og:locale\" content=\"fi_FI\" \/>\n<meta property=\"og:type\" content=\"article\" \/>\n<meta property=\"og:title\" content=\"Yhteystiedot | Metaline OY\" \/>\n<meta property=\"og:url\" content=\"https:\/\/metaline.ee\/fi\/yhteystiedot\/\" \/>\n<meta property=\"og:site_name\" content=\"Metaline OY\" \/>\n<meta property=\"article:modified_time\" content=\"2025-06-26T07:46:36+00:00\" \/>\n<meta property=\"og:image\" content=\"https:\/\/metaline.ee\/wp-content\/uploads\/2014\/06\/Raimond11.png\" \/>\n\t<meta property=\"og:image:width\" content=\"77\" \/>\n\t<meta property=\"og:image:height\" content=\"16\" \/>\n\t<meta property=\"og:image:type\" content=\"image\/png\" \/>\n<meta name=\"twitter:label1\" content=\"Arvioitu lukuaika\" \/>\n\t<meta name=\"twitter:data1\" content=\"3 minuuttia\" \/>\n<script type=\"application\/ld+json\" class=\"yoast-schema-graph\">{\"@context\":\"https:\/\/schema.org\",\"@graph\":[{\"@type\":\"WebPage\",\"@id\":\"https:\/\/metaline.ee\/fi\/yhteystiedot\/\",\"url\":\"https:\/\/metaline.ee\/fi\/yhteystiedot\/\",\"name\":\"Yhteystiedot | Metaline OY\",\"isPartOf\":{\"@id\":\"https:\/\/metaline.ee\/#website\"},\"primaryImageOfPage\":{\"@id\":\"https:\/\/metaline.ee\/fi\/yhteystiedot\/#primaryimage\"},\"image\":{\"@id\":\"https:\/\/metaline.ee\/fi\/yhteystiedot\/#primaryimage\"},\"thumbnailUrl\":\"http:\/\/www.metaline.ee\/wp-content\/uploads\/2014\/06\/Raimond11.png\",\"datePublished\":\"2015-05-04T10:15:32+00:00\",\"dateModified\":\"2025-06-26T07:46:36+00:00\",\"breadcrumb\":{\"@id\":\"https:\/\/metaline.ee\/fi\/yhteystiedot\/#breadcrumb\"},\"inLanguage\":\"fi\",\"potentialAction\":[{\"@type\":\"ReadAction\",\"target\":[\"https:\/\/metaline.ee\/fi\/yhteystiedot\/\"]}]},{\"@type\":\"ImageObject\",\"inLanguage\":\"fi\",\"@id\":\"https:\/\/metaline.ee\/fi\/yhteystiedot\/#primaryimage\",\"url\":\"http:\/\/www.metaline.ee\/wp-content\/uploads\/2014\/06\/Raimond11.png\",\"contentUrl\":\"http:\/\/www.metaline.ee\/wp-content\/uploads\/2014\/06\/Raimond11.png\"},{\"@type\":\"BreadcrumbList\",\"@id\":\"https:\/\/metaline.ee\/fi\/yhteystiedot\/#breadcrumb\",\"itemListElement\":[{\"@type\":\"ListItem\",\"position\":1,\"name\":\"Home\",\"item\":\"https:\/\/metaline.ee\/fi\/\"},{\"@type\":\"ListItem\",\"position\":2,\"name\":\"Yhteystiedot\"}]},{\"@type\":\"WebSite\",\"@id\":\"https:\/\/metaline.ee\/#website\",\"url\":\"https:\/\/metaline.ee\/\",\"name\":\"Metaline OY\",\"description\":\"\",\"publisher\":{\"@id\":\"https:\/\/metaline.ee\/#organization\"},\"potentialAction\":[{\"@type\":\"SearchAction\",\"target\":{\"@type\":\"EntryPoint\",\"urlTemplate\":\"https:\/\/metaline.ee\/?s={search_term_string}\"},\"query-input\":{\"@type\":\"PropertyValueSpecification\",\"valueRequired\":true,\"valueName\":\"search_term_string\"}}],\"inLanguage\":\"fi\"},{\"@type\":\"Organization\",\"@id\":\"https:\/\/metaline.ee\/#organization\",\"name\":\"Metaline OY\",\"url\":\"https:\/\/metaline.ee\/\",\"logo\":{\"@type\":\"ImageObject\",\"inLanguage\":\"fi\",\"@id\":\"https:\/\/metaline.ee\/#\/schema\/logo\/image\/\",\"url\":\"https:\/\/i0.wp.com\/metaline.ee\/wp-content\/uploads\/2018\/08\/metaline_logo_notext_trans_menu.png?fit=340%2C135&ssl=1\",\"contentUrl\":\"https:\/\/i0.wp.com\/metaline.ee\/wp-content\/uploads\/2018\/08\/metaline_logo_notext_trans_menu.png?fit=340%2C135&ssl=1\",\"width\":340,\"height\":135,\"caption\":\"Metaline OY\"},\"image\":{\"@id\":\"https:\/\/metaline.ee\/#\/schema\/logo\/image\/\"}}]}<\/script>\n<!-- \/ Yoast SEO plugin. -->","yoast_head_json":{"title":"Yhteystiedot | Metaline OY","robots":{"index":"index","follow":"follow","max-snippet":"max-snippet:-1","max-image-preview":"max-image-preview:large","max-video-preview":"max-video-preview:-1"},"canonical":"https:\/\/metaline.ee\/fi\/yhteystiedot\/","og_locale":"fi_FI","og_type":"article","og_title":"Yhteystiedot | Metaline OY","og_url":"https:\/\/metaline.ee\/fi\/yhteystiedot\/","og_site_name":"Metaline OY","article_modified_time":"2025-06-26T07:46:36+00:00","og_image":[{"width":77,"height":16,"url":"https:\/\/metaline.ee\/wp-content\/uploads\/2014\/06\/Raimond11.png","type":"image\/png"}],"twitter_misc":{"Arvioitu lukuaika":"3 minuuttia"},"schema":{"@context":"https:\/\/schema.org","@graph":[{"@type":"WebPage","@id":"https:\/\/metaline.ee\/fi\/yhteystiedot\/","url":"https:\/\/metaline.ee\/fi\/yhteystiedot\/","name":"Yhteystiedot | Metaline OY","isPartOf":{"@id":"https:\/\/metaline.ee\/#website"},"primaryImageOfPage":{"@id":"https:\/\/metaline.ee\/fi\/yhteystiedot\/#primaryimage"},"image":{"@id":"https:\/\/metaline.ee\/fi\/yhteystiedot\/#primaryimage"},"thumbnailUrl":"http:\/\/www.metaline.ee\/wp-content\/uploads\/2014\/06\/Raimond11.png","datePublished":"2015-05-04T10:15:32+00:00","dateModified":"2025-06-26T07:46:36+00:00","breadcrumb":{"@id":"https:\/\/metaline.ee\/fi\/yhteystiedot\/#breadcrumb"},"inLanguage":"fi","potentialAction":[{"@type":"ReadAction","target":["https:\/\/metaline.ee\/fi\/yhteystiedot\/"]}]},{"@type":"ImageObject","inLanguage":"fi","@id":"https:\/\/metaline.ee\/fi\/yhteystiedot\/#primaryimage","url":"http:\/\/www.metaline.ee\/wp-content\/uploads\/2014\/06\/Raimond11.png","contentUrl":"http:\/\/www.metaline.ee\/wp-content\/uploads\/2014\/06\/Raimond11.png"},{"@type":"BreadcrumbList","@id":"https:\/\/metaline.ee\/fi\/yhteystiedot\/#breadcrumb","itemListElement":[{"@type":"ListItem","position":1,"name":"Home","item":"https:\/\/metaline.ee\/fi\/"},{"@type":"ListItem","position":2,"name":"Yhteystiedot"}]},{"@type":"WebSite","@id":"https:\/\/metaline.ee\/#website","url":"https:\/\/metaline.ee\/","name":"Metaline OY","description":"","publisher":{"@id":"https:\/\/metaline.ee\/#organization"},"potentialAction":[{"@type":"SearchAction","target":{"@type":"EntryPoint","urlTemplate":"https:\/\/metaline.ee\/?s={search_term_string}"},"query-input":{"@type":"PropertyValueSpecification","valueRequired":true,"valueName":"search_term_string"}}],"inLanguage":"fi"},{"@type":"Organization","@id":"https:\/\/metaline.ee\/#organization","name":"Metaline OY","url":"https:\/\/metaline.ee\/","logo":{"@type":"ImageObject","inLanguage":"fi","@id":"https:\/\/metaline.ee\/#\/schema\/logo\/image\/","url":"https:\/\/i0.wp.com\/metaline.ee\/wp-content\/uploads\/2018\/08\/metaline_logo_notext_trans_menu.png?fit=340%2C135&ssl=1","contentUrl":"https:\/\/i0.wp.com\/metaline.ee\/wp-content\/uploads\/2018\/08\/metaline_logo_notext_trans_menu.png?fit=340%2C135&ssl=1","width":340,"height":135,"caption":"Metaline OY"},"image":{"@id":"https:\/\/metaline.ee\/#\/schema\/logo\/image\/"}}]}},"_links":{"self":[{"href":"https:\/\/metaline.ee\/fi\/wp-json\/wp\/v2\/pages\/545","targetHints":{"allow":["GET"]}}],"collection":[{"href":"https:\/\/metaline.ee\/fi\/wp-json\/wp\/v2\/pages"}],"about":[{"href":"https:\/\/metaline.ee\/fi\/wp-json\/wp\/v2\/types\/page"}],"author":[{"embeddable":true,"href":"https:\/\/metaline.ee\/fi\/wp-json\/wp\/v2\/users\/2"}],"replies":[{"embeddable":true,"href":"https:\/\/metaline.ee\/fi\/wp-json\/wp\/v2\/comments?post=545"}],"version-history":[{"count":32,"href":"https:\/\/metaline.ee\/fi\/wp-json\/wp\/v2\/pages\/545\/revisions"}],"predecessor-version":[{"id":3594,"href":"https:\/\/metaline.ee\/fi\/wp-json\/wp\/v2\/pages\/545\/revisions\/3594"}],"wp:attachment":[{"href":"https:\/\/metaline.ee\/fi\/wp-json\/wp\/v2\/media?parent=545"}],"curies":[{"name":"wp","href":"https:\/\/api.w.org\/{rel}","templated":true}]}}